{"id":3,"date":"2024-02-01T09:18:20","date_gmt":"2024-02-01T09:18:20","guid":{"rendered":"https:\/\/fervent-edison.212-227-197-237.plesk.page\/?page_id=3"},"modified":"2025-01-13T19:14:53","modified_gmt":"2025-01-13T18:14:53","slug":"impressum","status":"publish","type":"page","link":"https:\/\/bytewitcher.at\/en\/impressum\/","title":{"rendered":"Imprint"},"content":{"rendered":"<div data-elementor-type=\"wp-page\" data-elementor-id=\"3\" class=\"elementor elementor-3\" data-elementor-post-type=\"page\">\n\t\t\t\t<div class=\"elementor-element elementor-element-56c4acb8 e-flex e-con-boxed e-con e-parent\" data-id=\"56c4acb8\" data-element_type=\"container\">\n\t\t\t\t\t<div class=\"e-con-inner\">\n\t\t\t\t<div class=\"elementor-element elementor-element-a24902b elementor-widget elementor-widget-text-editor\" data-id=\"a24902b\" data-element_type=\"widget\" data-no-translation=\"\" data-widget_type=\"text-editor.default\">\n\t\t\t\t<div class=\"elementor-widget-container\">\n\t\t\t\t\t<style>.elementor-element-a24902b{display:none !important}<\/style>\t\t\t\t<\/div>\n\t\t\t\t<\/div>\n\t\t\t\t<div class=\"elementor-element elementor-element-26dbb31 elementor-widget elementor-widget-text-editor\" data-id=\"26dbb31\" data-element_type=\"widget\" data-no-translation=\"\" data-widget_type=\"text-editor.default\">\n\t\t\t\t<div class=\"elementor-widget-container\">\n\t\t\t\t\t\t\t\t\t<p>Information obligation according to \u00a75 E-Commerce Act, \u00a714 Corporate Code, \u00a763 Trade Regulations and Disclosure Obligation according to \u00a725 Media Act.<\/p>\n<p>ByteWitcher IT e.U.<br>DI Thomas Hoffmann<br>Business purpose: Services in automated data processing and information technology<br>VAT number: ATU75907146<br>Business register number: 539632b<br>Court of registration: LG Korneuburg<br>GLN: 9110029128645<br>Headquarter: Siedlungsgasse 12, A-2473 Deutsch Haslau<br>Phone: +43 699 11 50 10 32<br>E-Mail: office@bytewitcher.at<br>Member of: WKO<br>Professional law: Trade Regulation Act &#8211; www.ris.bka.gv.at<br>Supervisory authority\/Trade authority: District Authority Bruck an der Leitha<br>Awarding state: Austria<\/p>\n<p><b>Liability for contents of this website<br><\/b>We are constantly developing the contents of this website and strive to provide correct and up-to-date information. Unfortunately, we can not assume any liability for the correctness of all content on this website, especially for those provided by third parties. If you notice any problematic or illegal content, please contact us immediately &#8211; you will find the contact details in the imprint.<\/p>\n<p><b>Liability for links on this website<br><\/b>The website contains links to other websites whose content we are not responsible for. If you notice unlawful links on our website, please contact us &#8211; you will find the contact details in the imprint.<\/p>\n<p><b>Copyright Notice<br><\/b>All contents of this website (pictures, photos, texts, videos) are subject to copyright. If necessary, we will legally prosecute the unauthorized use of parts of the contents of our site.<\/p>\n<p>Website by<br>WERBEONKEL<br>Advertising Agency<br>Gehard Sinella e.U.<br>Prettner-Weg 3a<br>A \u2013 8490 Bad Radkersburg<br>E-Mail: office@werbeonkel.at<br>Website: www.werbeonkel.at<br>Phone: +43 660 40 22 318<br>Owner: Ing. Gehard Sinella<\/p>\t\t\t\t\t\t\t\t<\/div>\n\t\t\t\t<\/div>\n\t\t\t\t\t<\/div>\n\t\t\t\t<\/div>\n\t\t\t\t<\/div>","protected":false},"excerpt":{"rendered":"<p>Informationspflicht laut \u00a75 E-Commerce Gesetz, \u00a714 Unternehmensgesetzbuch, \u00a763 Gewerbeordnung und Offenlegungspflicht laut \u00a725 Mediengesetz ByteWitcher IT e.U.DI Thomas HoffmannUnternehmensgegenstand: Dienstleistungen in der automatischen Datenverarbeitung und InformationstechnikUID-Nummer: ATU75907146Firmenbuchnummer: 539632bFirmenbuchgericht: LG KorneuburgGLN: 9110029128645Firmensitz: Siedlungsgasse 12, A-2473 Deutsch HaslauTel: +43 699 11 50 10 32E-Mail: office@bytewitcher.atMitglied bei: WKOBerufsrecht: Gewerbeordnung: www.ris.bka.gv.atAufsichtsbeh\u00f6rde\/Gewerbebeh\u00f6rde: Bezirkshauptmannschaft Bruck an der LeithaVerleihungsstaat: \u00d6sterreich Haftung f\u00fcr [&hellip;]<\/p>","protected":false},"author":1,"featured_media":0,"parent":0,"menu_order":0,"comment_status":"closed","ping_status":"closed","template":"","meta":{"footnotes":""},"class_list":["post-3","page","type-page","status-publish","hentry"],"yoast_head":"<!-- This site is optimized with the Yoast SEO plugin v24.2 - https:\/\/yoast.com\/wordpress\/plugins\/seo\/ -->\n<title>Impressum - ByteWitcher IT e.U.<\/title>\n<meta name=\"description\" content=\"Die durch die Seitenbetreiber erstellten Inhalte und Werke auf diesen Seiten unterliegen dem deutschen Urheberrecht.\" \/>\n<meta name=\"robots\" content=\"index, follow, max-snippet:-1, max-image-preview:large, max-video-preview:-1\" \/>\n<link rel=\"canonical\" href=\"https:\/\/bytewitcher.at\/en\/impressum\/\" \/>\n<meta property=\"og:locale\" content=\"en_US\" \/>\n<meta property=\"og:type\" content=\"article\" \/>\n<meta property=\"og:title\" content=\"Impressum - ByteWitcher IT e.U.\" \/>\n<meta property=\"og:description\" content=\"Die durch die Seitenbetreiber erstellten Inhalte und Werke auf diesen Seiten unterliegen dem deutschen Urheberrecht.\" \/>\n<meta property=\"og:url\" content=\"https:\/\/bytewitcher.at\/en\/impressum\/\" \/>\n<meta property=\"og:site_name\" content=\"ByteWitcher IT e.U.\" \/>\n<meta property=\"article:modified_time\" content=\"2025-01-13T18:14:53+00:00\" \/>\n<meta name=\"twitter:card\" content=\"summary_large_image\" \/>\n<meta name=\"twitter:label1\" content=\"Est. reading time\" \/>\n\t<meta name=\"twitter:data1\" content=\"3 minutes\" \/>\n<script type=\"application\/ld+json\" class=\"yoast-schema-graph\">{\"@context\":\"https:\/\/schema.org\",\"@graph\":[{\"@type\":\"WebPage\",\"@id\":\"https:\/\/bytewitcher.at\/impressum\/\",\"url\":\"https:\/\/bytewitcher.at\/impressum\/\",\"name\":\"Impressum - ByteWitcher IT e.U.\",\"isPartOf\":{\"@id\":\"https:\/\/bytewitcher.at\/#website\"},\"datePublished\":\"2024-02-01T09:18:20+00:00\",\"dateModified\":\"2025-01-13T18:14:53+00:00\",\"description\":\"Die durch die Seitenbetreiber erstellten Inhalte und Werke auf diesen Seiten unterliegen dem deutschen Urheberrecht.\",\"breadcrumb\":{\"@id\":\"https:\/\/bytewitcher.at\/impressum\/#breadcrumb\"},\"inLanguage\":\"en-US\",\"potentialAction\":[{\"@type\":\"ReadAction\",\"target\":[\"https:\/\/bytewitcher.at\/impressum\/\"]}]},{\"@type\":\"BreadcrumbList\",\"@id\":\"https:\/\/bytewitcher.at\/impressum\/#breadcrumb\",\"itemListElement\":[{\"@type\":\"ListItem\",\"position\":1,\"name\":\"Startseite\",\"item\":\"https:\/\/bytewitcher.at\/\"},{\"@type\":\"ListItem\",\"position\":2,\"name\":\"Impressum\"}]},{\"@type\":\"WebSite\",\"@id\":\"https:\/\/bytewitcher.at\/#website\",\"url\":\"https:\/\/bytewitcher.at\/\",\"name\":\"ByteWitcher IT e.U.\",\"description\":\"Thomas Hoffmann\",\"publisher\":{\"@id\":\"https:\/\/bytewitcher.at\/#organization\"},\"potentialAction\":[{\"@type\":\"SearchAction\",\"target\":{\"@type\":\"EntryPoint\",\"urlTemplate\":\"https:\/\/bytewitcher.at\/?s={search_term_string}\"},\"query-input\":{\"@type\":\"PropertyValueSpecification\",\"valueRequired\":true,\"valueName\":\"search_term_string\"}}],\"inLanguage\":\"en-US\"},{\"@type\":\"Organization\",\"@id\":\"https:\/\/bytewitcher.at\/#organization\",\"name\":\"ByteWitcher IT e.U.\",\"url\":\"https:\/\/bytewitcher.at\/\",\"logo\":{\"@type\":\"ImageObject\",\"inLanguage\":\"en-US\",\"@id\":\"https:\/\/bytewitcher.at\/#\/schema\/logo\/image\/\",\"url\":\"https:\/\/bytewitcher.at\/wp-content\/uploads\/2024\/02\/cropped-byte-witcher_hauptlogo_weiss.png\",\"contentUrl\":\"https:\/\/bytewitcher.at\/wp-content\/uploads\/2024\/02\/cropped-byte-witcher_hauptlogo_weiss.png\",\"width\":700,\"height\":200,\"caption\":\"ByteWitcher IT e.U.\"},\"image\":{\"@id\":\"https:\/\/bytewitcher.at\/#\/schema\/logo\/image\/\"}}]}<\/script>\n<!-- \/ Yoast SEO plugin. -->","yoast_head_json":{"title":"Impressum - ByteWitcher IT e.U.","description":"Die durch die Seitenbetreiber erstellten Inhalte und Werke auf diesen Seiten unterliegen dem deutschen Urheberrecht.","robots":{"index":"index","follow":"follow","max-snippet":"max-snippet:-1","max-image-preview":"max-image-preview:large","max-video-preview":"max-video-preview:-1"},"canonical":"https:\/\/bytewitcher.at\/en\/impressum\/","og_locale":"en_US","og_type":"article","og_title":"Impressum - ByteWitcher IT e.U.","og_description":"Die durch die Seitenbetreiber erstellten Inhalte und Werke auf diesen Seiten unterliegen dem deutschen Urheberrecht.","og_url":"https:\/\/bytewitcher.at\/en\/impressum\/","og_site_name":"ByteWitcher IT e.U.","article_modified_time":"2025-01-13T18:14:53+00:00","twitter_card":"summary_large_image","twitter_misc":{"Est. reading time":"3 minutes"},"schema":{"@context":"https:\/\/schema.org","@graph":[{"@type":"WebPage","@id":"https:\/\/bytewitcher.at\/impressum\/","url":"https:\/\/bytewitcher.at\/impressum\/","name":"Impressum - ByteWitcher IT e.U.","isPartOf":{"@id":"https:\/\/bytewitcher.at\/#website"},"datePublished":"2024-02-01T09:18:20+00:00","dateModified":"2025-01-13T18:14:53+00:00","description":"Die durch die Seitenbetreiber erstellten Inhalte und Werke auf diesen Seiten unterliegen dem deutschen Urheberrecht.","breadcrumb":{"@id":"https:\/\/bytewitcher.at\/impressum\/#breadcrumb"},"inLanguage":"en-US","potentialAction":[{"@type":"ReadAction","target":["https:\/\/bytewitcher.at\/impressum\/"]}]},{"@type":"BreadcrumbList","@id":"https:\/\/bytewitcher.at\/impressum\/#breadcrumb","itemListElement":[{"@type":"ListItem","position":1,"name":"Startseite","item":"https:\/\/bytewitcher.at\/"},{"@type":"ListItem","position":2,"name":"Impressum"}]},{"@type":"WebSite","@id":"https:\/\/bytewitcher.at\/#website","url":"https:\/\/bytewitcher.at\/","name":"ByteWitcher IT e.U.","description":"Thomas Hoffmann","publisher":{"@id":"https:\/\/bytewitcher.at\/#organization"},"potentialAction":[{"@type":"SearchAction","target":{"@type":"EntryPoint","urlTemplate":"https:\/\/bytewitcher.at\/?s={search_term_string}"},"query-input":{"@type":"PropertyValueSpecification","valueRequired":true,"valueName":"search_term_string"}}],"inLanguage":"en-US"},{"@type":"Organization","@id":"https:\/\/bytewitcher.at\/#organization","name":"ByteWitcher IT e.U.","url":"https:\/\/bytewitcher.at\/","logo":{"@type":"ImageObject","inLanguage":"en-US","@id":"https:\/\/bytewitcher.at\/#\/schema\/logo\/image\/","url":"https:\/\/bytewitcher.at\/wp-content\/uploads\/2024\/02\/cropped-byte-witcher_hauptlogo_weiss.png","contentUrl":"https:\/\/bytewitcher.at\/wp-content\/uploads\/2024\/02\/cropped-byte-witcher_hauptlogo_weiss.png","width":700,"height":200,"caption":"ByteWitcher IT e.U."},"image":{"@id":"https:\/\/bytewitcher.at\/#\/schema\/logo\/image\/"}}]}},"_links":{"self":[{"href":"https:\/\/bytewitcher.at\/en\/wp-json\/wp\/v2\/pages\/3","targetHints":{"allow":["GET"]}}],"collection":[{"href":"https:\/\/bytewitcher.at\/en\/wp-json\/wp\/v2\/pages"}],"about":[{"href":"https:\/\/bytewitcher.at\/en\/wp-json\/wp\/v2\/types\/page"}],"author":[{"embeddable":true,"href":"https:\/\/bytewitcher.at\/en\/wp-json\/wp\/v2\/users\/1"}],"replies":[{"embeddable":true,"href":"https:\/\/bytewitcher.at\/en\/wp-json\/wp\/v2\/comments?post=3"}],"version-history":[{"count":28,"href":"https:\/\/bytewitcher.at\/en\/wp-json\/wp\/v2\/pages\/3\/revisions"}],"predecessor-version":[{"id":708,"href":"https:\/\/bytewitcher.at\/en\/wp-json\/wp\/v2\/pages\/3\/revisions\/708"}],"wp:attachment":[{"href":"https:\/\/bytewitcher.at\/en\/wp-json\/wp\/v2\/media?parent=3"}],"curies":[{"name":"wp","href":"https:\/\/api.w.org\/{rel}","templated":true}]}}